{"id":1597,"date":"2020-10-02T15:24:36","date_gmt":"2020-10-02T14:24:36","guid":{"rendered":"https:\/\/ceramicazofra.com\/fr\/?page_id=1597"},"modified":"2022-01-13T12:25:06","modified_gmt":"2022-01-13T11:25:06","slug":"politique-de-confidentialite","status":"publish","type":"page","link":"https:\/\/ceramicazofra.com\/fr\/politique-de-confidentialite\/","title":{"rendered":"Politique de confidentialit\u00e9"},"content":{"rendered":"<div class=\"gb-grid-wrapper gb-grid-wrapper-8081b9f2\">\n<div class=\"gb-grid-column gb-grid-column-aa70307b\"><div class=\"gb-container gb-container-aa70307b\"><div class=\"gb-inside-container\">\n\n<p>CERAMICAS SIR S.A est particuli\u00e8rement sensible \u00e0 la protection des donn\u00e9es personnelles des Utilisateurs des services du site Internet. Au moyen de cette Politique de confidentialit\u00e9 (d\u00e9sormais, la Politique) CERAMICAS SIR SA, informe les UTILISATEURS de ce site web, des utilisations auxquelles sont soumises les donn\u00e9es personnelles collect\u00e9es sur le site web, afin qu&#8217;ils puissent d\u00e9cider, librement et volontairement, s&#8217;ils souhaitent fournir les informations demand\u00e9es.<br>CERAMICAS SIR S.A se r\u00e9serve le droit de modifier la pr\u00e9sente Politique dans le but de l&#8217;adapter \u00e0 la nouvelle l\u00e9gislation, aux crit\u00e8res jurisprudentiels, aux pratiques du secteur ou aux int\u00e9r\u00eats de l&#8217;entit\u00e9. Toute modification de cette Politique sera annonc\u00e9e en temps utile, afin que vous soyez pleinement conscient de son contenu.<\/p>\n\n\n\n<p>RESPONSABLE<br>Le responsable du traitement des donn\u00e9es personnelles est :<br>Identit\u00e9 : CERAMICAS SIR S.A avec NIF : A17157199, d\u00e9sormais ENTITY<br>Adresse : CTRA C-35 KM 64, 17404 \u2013 RIELLS I VIABREA<br>Courriel : info@regas.org<\/p>\n\n\n\n<p>RESPONSABLE DE LA PROTECTION DES DONN\u00c9ES<br>Contact par email : info@aemol.com<\/p>\n\n\n\n<p>OBJECTIF DE TRAITEMENT<br>La collecte et le traitement des donn\u00e9es personnelles collect\u00e9es via le formulaire de contact ont pour but de g\u00e9rer, administrer, fournir, \u00e9tendre et am\u00e9liorer les services fournis par CERAMICAS SIR S.A, en r\u00e9ponse aux demandes d&#8217;informations et\/ou requ\u00eates formul\u00e9es.<\/p>\n\n\n\n<p>P\u00c9RIODE DE CONSERVATION<br>Les donn\u00e9es personnelles fournies seront conserv\u00e9es pendant la dur\u00e9e correspondante afin de se conformer aux obligations l\u00e9gales, ou jusqu&#8217;\u00e0 ce qu&#8217;elles soient demand\u00e9es pour \u00eatre supprim\u00e9es par l&#8217;int\u00e9ress\u00e9 et que ce dernier soit l\u00e9gitim\u00e9 pour le faire.<\/p>\n\n\n\n<p>L\u00c9GITIMATION<br>CERAMICAS SIR S.A. a le droit de traiter les donn\u00e9es personnelles, sur la base du consentement donn\u00e9 par l&#8217;int\u00e9ress\u00e9 pour une ou plusieurs finalit\u00e9s sp\u00e9cifiques, comme indiqu\u00e9 \u00e0 l&#8217;article 6.1.a) et 6.1.b) du R\u00e8glement g\u00e9n\u00e9ral pour la protection des donn\u00e9es personnelles.<\/p>\n\n\n\n<p>CIBLES<br>Les donn\u00e9es personnelles collect\u00e9es ne seront ni c\u00e9d\u00e9es ni communiqu\u00e9es \u00e0 d&#8217;autres tiers, sauf dans les cas n\u00e9cessaires \u00e0 l&#8217;\u00e9laboration, au contr\u00f4le et au respect de la ou des finalit\u00e9s exprim\u00e9es, dans les cas pr\u00e9vus par la loi, ainsi que dans des cas particuliers, dont l&#8217;Utilisateur est express\u00e9ment inform\u00e9.<\/p>\n\n\n\n<p>DROITS DE L&#8217;UTILISATEUR : Quels sont vos droits lorsque vous nous fournissez vos donn\u00e9es ?<br>Acc\u00e8s : L&#8217;int\u00e9ress\u00e9 a le droit de savoir quelles donn\u00e9es la SOCIETE traite le concernant.<br>Rectification : La personne concern\u00e9e a le droit de demander la rectification des donn\u00e9es inexactes.<br>Suppression : L&#8217;int\u00e9ress\u00e9 a le droit de demander la suppression de ses donn\u00e9es lorsque, entre autres raisons, les donn\u00e9es ne sont pas n\u00e9cessaires aux fins pour lesquelles elles ont \u00e9t\u00e9 collect\u00e9es.<br>Limitation du traitement : Dans certaines circonstances, la personne concern\u00e9e peut demander la limitation du traitement de ses donn\u00e9es, auquel cas nous ne les conserverons que pour l&#8217;exercice ou la d\u00e9fense de r\u00e9clamations.<br>Opposition : Dans certaines circonstances, la personne concern\u00e9e peut s&#8217;opposer au traitement de ses donn\u00e9es. Dans ce cas, la SOCI\u00c9T\u00c9 cessera de traiter vos donn\u00e9es, sauf pour des motifs l\u00e9gitimes imp\u00e9rieux ou pour l&#8217;exercice ou la d\u00e9fense d&#8217;\u00e9ventuelles r\u00e9clamations.<br>Portabilit\u00e9 des donn\u00e9es : Uniquement applicable aux donn\u00e9es automatis\u00e9es et consiste \u00e0 transmettre les donn\u00e9es de la SOCIETE \u00e0 un autre nouveau responsable du traitement (pas la personne concern\u00e9e et sur demande).<\/p>\n\n\n\n<p>Vous pouvez exercer vos droits, y compris le droit de retirer votre consentement (s&#8217;il est accord\u00e9), en envoyant une lettre accompagn\u00e9e de votre carte d&#8217;identit\u00e9 \u00e0 CERAMICAS SIR SA au CTRA C-35 KM 64, 17404 \u2013 RIELLS I VIABREA ou en envoyant un e- mail \u00e0 info@regas.org<\/p>\n\n\n\n<p>Vous avez \u00e9galement le droit de d\u00e9poser une plainte aupr\u00e8s de l&#8217;Autorit\u00e9 de surveillance de la protection des donn\u00e9es, actuellement l&#8217;Agence espagnole de protection des donn\u00e9es.<\/p>\n\n\n\n<p>MESURES DE S\u00c9CURIT\u00c9<br>Le responsable du traitement des donn\u00e9es appliquera les mesures techniques et organisationnelles appropri\u00e9es pour garantir un niveau de s\u00e9curit\u00e9 adapt\u00e9 au risque encouru.<\/p>\n\n\n\n<p>TRANSFERTS INTERNATIONAUX<br>Aucun virement international n&#8217;est effectu\u00e9.<\/p>\n\n\n\n<p>PROFILS ET PRISE DE DECISION AUTOMATISEE<br>Aucun profil n&#8217;est cr\u00e9\u00e9 et aucune d\u00e9cision automatis\u00e9e n&#8217;est prise avec les donn\u00e9es fournies par l&#8217;utilisateur.<\/p>\n\n<\/div><\/div><\/div>\n<\/div>","protected":false},"excerpt":{"rendered":"","protected":false},"author":1,"featured_media":0,"parent":0,"menu_order":0,"comment_status":"closed","ping_status":"closed","template":"","meta":[],"acf":[],"_links":{"self":[{"href":"https:\/\/ceramicazofra.com\/fr\/wp-json\/wp\/v2\/pages\/1597"}],"collection":[{"href":"https:\/\/ceramicazofra.com\/fr\/wp-json\/wp\/v2\/pages"}],"about":[{"href":"https:\/\/ceramicazofra.com\/fr\/wp-json\/wp\/v2\/types\/page"}],"author":[{"embeddable":true,"href":"https:\/\/ceramicazofra.com\/fr\/wp-json\/wp\/v2\/users\/1"}],"replies":[{"embeddable":true,"href":"https:\/\/ceramicazofra.com\/fr\/wp-json\/wp\/v2\/comments?post=1597"}],"version-history":[{"count":2,"href":"https:\/\/ceramicazofra.com\/fr\/wp-json\/wp\/v2\/pages\/1597\/revisions"}],"predecessor-version":[{"id":1879,"href":"https:\/\/ceramicazofra.com\/fr\/wp-json\/wp\/v2\/pages\/1597\/revisions\/1879"}],"wp:attachment":[{"href":"https:\/\/ceramicazofra.com\/fr\/wp-json\/wp\/v2\/media?parent=1597"}],"curies":[{"name":"wp","href":"https:\/\/api.w.org\/{rel}","templated":true}]}}