{"id":1599,"date":"2020-10-02T15:25:08","date_gmt":"2020-10-02T14:25:08","guid":{"rendered":"https:\/\/ceramicazofra.com\/fr\/?page_id=1599"},"modified":"2022-01-13T12:23:22","modified_gmt":"2022-01-13T11:23:22","slug":"avis-juridique","status":"publish","type":"page","link":"https:\/\/ceramicazofra.com\/fr\/avis-juridique\/","title":{"rendered":"Avis juridique"},"content":{"rendered":"<div class=\"gb-grid-wrapper gb-grid-wrapper-5cc95474\">\n<div class=\"gb-grid-column gb-grid-column-424bbc23\"><div class=\"gb-container gb-container-424bbc23\"><div class=\"gb-inside-container\">\n\n<p>Conform\u00e9ment \u00e0 la loi sur les services de la soci\u00e9t\u00e9 de l&#8217;information et du commerce \u00e9lectronique (LSSI), CERAMICAS SIR S.A, ci-apr\u00e8s l&#8217;ENTIT\u00c9 fournit ses donn\u00e9es d&#8217;enregistrement ci-dessous&nbsp;:<br>Propri\u00e9taire \/ Propri\u00e9taire du site : CERAMICAS SIR S.A.<br>CIF \/ NIF : A17157199<br>Si\u00e8ge social : CTRA C-35 KM 64 17404 &#8211; RIELLS I VIABREA (GERONE)<br>Donn\u00e9es d&#8217;enregistrement: Inscrit au Registre du Commerce de G\u00e9rone, Volume 210, Page GI-3894, Enregistrement 05\/03\/1988<\/p>\n\n\n\n<p>PORT\u00c9E ET FONCTIONNEMENT<br>Les pr\u00e9sentes Conditions L\u00e9gales s&#8217;appliquent \u00e0 la vente de tous les services propos\u00e9s par la SOCIETE sur son site Internet.<br>L&#8217;utilisation par le Client des services suppose l&#8217;acceptation des pr\u00e9sentes conditions, qui seront disponibles au moment de la commande sur le site Internet. Par cons\u00e9quent, il est conseill\u00e9 au Client de lire attentivement les pr\u00e9sentes Conditions G\u00e9n\u00e9rales avant de poursuivre le processus d&#8217;achat.<br>Si le Client s\u00e9lectionne l&#8217;option \u00abJ&#8217;accepte la politique de confidentialit\u00e9 et les conditions de service\u00bb, il sera consid\u00e9r\u00e9 qu&#8217;il les comprend et les accepte dans leur int\u00e9gralit\u00e9 et pourra poursuivre le processus d&#8217;achat. Au contraire, si le Client n&#8217;accepte pas les conditions, l&#8217;op\u00e9ration d&#8217;achat sera conclue et n&#8217;impliquera aucun type d&#8217;obligation de la part du Client.<\/p>\n\n\n\n<p>R\u00c8GLEMENTS ET CONFORMIT\u00c9<br>L&#8217;ENTREPRISE informe les utilisateurs de son site Web de sa politique de confidentialit\u00e9 et de protection des donn\u00e9es personnelles, conform\u00e9ment \u00e0 la loi organique 15\/1999 du 13 d\u00e9cembre sur la protection des donn\u00e9es personnelles et autres r\u00e9glementations applicables, afin qu&#8217;ils puissent d\u00e9cider librement et volontairement s&#8217;ils souhaitent fournir les donn\u00e9es personnelles demand\u00e9es sur le site.<\/p>\n\n\n\n<p>B\u00c9N\u00c9VOLE &#8211; OBLIGATOIRE<br>\u00c0 travers son site Web, la SOCI\u00c9T\u00c9 ne collectera aucune information sur les personnes \u00e0 moins qu&#8217;elles ne d\u00e9cident volontairement de les fournir (par exemple, via des formulaires de contact ou d&#8217;achat).<\/p>\n\n\n\n<p>PROPRI\u00c9T\u00c9 DES DONN\u00c9ES. DROIT D&#8217;ANNULATION, DE RECTIFICATION ET D&#8217;OPPOSITION<br>De m\u00eame, conform\u00e9ment \u00e0 la loi \u00e9num\u00e9r\u00e9e ci-dessus, nous vous informons que vos donn\u00e9es personnelles seront incorpor\u00e9es dans un fichier de la SOCI\u00c9T\u00c9 pour la r\u00e9ponse aux questions pos\u00e9es via le formulaire de contact, l&#8217;achat et l&#8217;enregistrement dans le service en ligne que la SOCI\u00c9T\u00c9 met \u00e0 disposition . \u00e0 vos clients via ce site Web.<br>Les clients qui ach\u00e8tent et se sont inscrits au service de gestion des commandes en ligne donnent leur consentement expr\u00e8s \u00e0 la fourniture et au traitement des donn\u00e9es n\u00e9cessaires \u00e0 la fourniture de ce service et \u00e0 la r\u00e9ception de communications commerciales relatives aux services fournis par l&#8217;entit\u00e9.<br>Vous disposez d&#8217;un droit d&#8217;acc\u00e8s, de rectification, d&#8217;annulation et d&#8217;opposition dans les conditions pr\u00e9vues par la loi, que vous pouvez exercer par \u00e9crit adress\u00e9 \u00e0 l&#8217;ENTITE, responsable du dossier, dont l&#8217;adresse est CTRA C-35 KM 64 17404 &#8211; RIELLS I VIABREA ( GERONA) ou par e-mail info@regas.org en indiquant dans la ligne d&#8217;objet le droit que vous souhaitez exercer.<\/p>\n\n\n\n<p>S\u00c9CURIT\u00c9 DANS LE TRAITEMENT DES DONN\u00c9ES<br>L&#8217;ENTREPRISE a adopt\u00e9 les niveaux de s\u00e9curit\u00e9 requis par la loi pour la protection des donn\u00e9es personnelles, a adopt\u00e9 les mesures techniques et organisationnelles requises par le d\u00e9cret royal 1720\/2007, R\u00e8glement des mesures de s\u00e9curit\u00e9 pour les fichiers automatis\u00e9s contenant des donn\u00e9es personnelles, et a install\u00e9 tous les moyens techniques. et les mesures \u00e0 sa disposition pour \u00e9viter la perte, l&#8217;abus, l&#8217;alt\u00e9ration, l&#8217;acc\u00e8s non autoris\u00e9 et le vol des donn\u00e9es fournies sur le site. Cependant, l&#8217;utilisateur est conscient que les mesures de s\u00e9curit\u00e9 sur Internet ne sont pas imprenables.<\/p>\n\n\n\n<p>MOTS DE PASSE, UTILISATION ET RESPONSABILIT\u00c9<br>Le Client prot\u00e9gera la confidentialit\u00e9 des mots de passe et des noms d&#8217;utilisateur fournis au Client par la SOCI\u00c9T\u00c9 et assumera l&#8217;enti\u00e8re responsabilit\u00e9 de l&#8217;utilisation par le Client, et celle de tout tiers, de Votre mot de passe ou Compte. Vous \u00eates seul responsable de chaque activit\u00e9 (y compris l&#8217;utilisation abusive) qui se produit avec votre mot de passe ou votre compte. Vous vous engagez \u00e0 informer la SOCIETE imm\u00e9diatement apr\u00e8s avoir pris connaissance de toute utilisation non autoris\u00e9e de votre compte ou de toute autre violation de la s\u00e9curit\u00e9 dont vous avez connaissance. De temps \u00e0 autre, le personnel d&#8217;assistance de la Soci\u00e9t\u00e9 peut acc\u00e9der au Service \u00e0 l&#8217;aide de votre mot de passe pour maintenir ou am\u00e9liorer le Service, notamment en fournissant une assistance technique. Vous reconnaissez et acceptez par la pr\u00e9sente un tel acc\u00e8s.<\/p>\n\n\n\n<p>AVIS DE NON-RESPONSABILIT\u00c9<br>Le site Web de LA SOCI\u00c9T\u00c9 contient des liens vers d&#8217;autres sites Web consid\u00e9r\u00e9s comme tr\u00e8s pertinents ou int\u00e9ressants. L&#8217;ENTREPRISE n&#8217;est pas responsable des politiques de confidentialit\u00e9 ou du contenu de ces sites Web.<\/p>\n\n\n\n<p>Avis juridique<\/p>\n\n\n\n<p>Conform\u00e9ment \u00e0 la loi sur les services de la soci\u00e9t\u00e9 de l&#8217;information et du commerce \u00e9lectronique (LSSI), CERAMICAS SIR S.A, ci-apr\u00e8s l&#8217;ENTIT\u00c9 fournit ses donn\u00e9es d&#8217;enregistrement ci-dessous&nbsp;:<br>Propri\u00e9taire \/ Propri\u00e9taire du site : CERAMICAS SIR S.A.<br>CIF \/ NIF : A17157199<br>Si\u00e8ge social : CTRA C-35 KM 64 17<\/p>\n\n<\/div><\/div><\/div>\n<\/div>","protected":false},"excerpt":{"rendered":"","protected":false},"author":1,"featured_media":0,"parent":0,"menu_order":0,"comment_status":"closed","ping_status":"closed","template":"","meta":[],"acf":[],"_links":{"self":[{"href":"https:\/\/ceramicazofra.com\/fr\/wp-json\/wp\/v2\/pages\/1599"}],"collection":[{"href":"https:\/\/ceramicazofra.com\/fr\/wp-json\/wp\/v2\/pages"}],"about":[{"href":"https:\/\/ceramicazofra.com\/fr\/wp-json\/wp\/v2\/types\/page"}],"author":[{"embeddable":true,"href":"https:\/\/ceramicazofra.com\/fr\/wp-json\/wp\/v2\/users\/1"}],"replies":[{"embeddable":true,"href":"https:\/\/ceramicazofra.com\/fr\/wp-json\/wp\/v2\/comments?post=1599"}],"version-history":[{"count":3,"href":"https:\/\/ceramicazofra.com\/fr\/wp-json\/wp\/v2\/pages\/1599\/revisions"}],"predecessor-version":[{"id":1877,"href":"https:\/\/ceramicazofra.com\/fr\/wp-json\/wp\/v2\/pages\/1599\/revisions\/1877"}],"wp:attachment":[{"href":"https:\/\/ceramicazofra.com\/fr\/wp-json\/wp\/v2\/media?parent=1599"}],"curies":[{"name":"wp","href":"https:\/\/api.w.org\/{rel}","templated":true}]}}