{"id":1653,"date":"2020-10-02T16:55:01","date_gmt":"2020-10-02T15:55:01","guid":{"rendered":"https:\/\/ceramicazofra.com\/fr\/?page_id=1653"},"modified":"2022-01-13T12:24:46","modified_gmt":"2022-01-13T11:24:46","slug":"filosofia","status":"publish","type":"page","link":"https:\/\/ceramicazofra.com\/fr\/filosofia\/","title":{"rendered":"Philosophie"},"content":{"rendered":"\n<h2 class=\"gb-headline gb-headline-6eb1b71f gb-headline-text\">Produit naturel <br>et bon pour la sant\u00e9<\/h2>\n\n\n<div class=\"gb-grid-wrapper gb-grid-wrapper-76215670\">\n<div class=\"gb-grid-column gb-grid-column-2b4837db\"><div class=\"gb-container gb-container-2b4837db\"><div class=\"gb-inside-container\">\n\n<div class=\"wp-block-image\"><figure class=\"aligncenter size-full is-resized\"><img decoding=\"async\" loading=\"lazy\" src=\"https:\/\/ceramicazofra.com\/wp-content\/uploads\/2022\/01\/eco-friendly.svg\" alt=\"\" class=\"wp-image-1868\" width=\"300\" height=\"300\"\/><\/figure><\/div>\n\n<\/div><\/div><\/div>\n\n<div class=\"gb-grid-column gb-grid-column-27f0c531\"><div class=\"gb-container gb-container-27f0c531\"><div class=\"gb-inside-container\">\n\n<p class=\"gb-headline gb-headline-9fc5fc54\"><span class=\"gb-icon\"><svg aria-hidden=\"true\" role=\"img\" height=\"1em\" width=\"1em\" viewBox=\"0 0 512 512\" xmlns=\"http:\/\/www.w3.org\/2000\/svg\"><path fill=\"currentColor\" d=\"M173.898 439.404l-166.4-166.4c-9.997-9.997-9.997-26.206 0-36.204l36.203-36.204c9.997-9.998 26.207-9.998 36.204 0L192 312.69 432.095 72.596c9.997-9.997 26.207-9.997 36.204 0l36.203 36.204c9.997 9.997 9.997 26.206 0 36.204l-294.4 294.401c-9.998 9.997-26.207 9.997-36.204-.001z\"><\/path><\/svg><\/span><span class=\"gb-headline-text\">Tous nos produits sont fabriqu\u00e9s en Espagne avec des argiles de haute qualit\u00e9.<\/span><\/p>\n\n\n\n<p class=\"gb-headline gb-headline-fa8a4672\"><span class=\"gb-icon\"><svg aria-hidden=\"true\" role=\"img\" height=\"1em\" width=\"1em\" viewBox=\"0 0 512 512\" xmlns=\"http:\/\/www.w3.org\/2000\/svg\"><path fill=\"currentColor\" d=\"M173.898 439.404l-166.4-166.4c-9.997-9.997-9.997-26.206 0-36.204l36.203-36.204c9.997-9.998 26.207-9.998 36.204 0L192 312.69 432.095 72.596c9.997-9.997 26.207-9.997 36.204 0l36.203 36.204c9.997 9.997 9.997 26.206 0 36.204l-294.4 294.401c-9.998 9.997-26.207 9.997-36.204-.001z\"><\/path><\/svg><\/span><span class=\"gb-headline-text\">Processus d&#8217;\u00e9laboration soumis \u00e0 des contr\u00f4les de qualit\u00e9 stricts.<\/span><\/p>\n\n\n\n<p class=\"gb-headline gb-headline-93498345\"><span class=\"gb-icon\"><svg aria-hidden=\"true\" role=\"img\" height=\"1em\" width=\"1em\" viewBox=\"0 0 512 512\" xmlns=\"http:\/\/www.w3.org\/2000\/svg\"><path fill=\"currentColor\" d=\"M173.898 439.404l-166.4-166.4c-9.997-9.997-9.997-26.206 0-36.204l36.203-36.204c9.997-9.998 26.207-9.998 36.204 0L192 312.69 432.095 72.596c9.997-9.997 26.207-9.997 36.204 0l36.203 36.204c9.997 9.997 9.997 26.206 0 36.204l-294.4 294.401c-9.998 9.997-26.207 9.997-36.204-.001z\"><\/path><\/svg><\/span><span class=\"gb-headline-text\">Des produits naturels et durables : l&#8217;argile est une mati\u00e8re premi\u00e8re 100% naturelle qui ne g\u00e9n\u00e8re pas de d\u00e9chets.<\/span><\/p>\n\n\n\n<p class=\"gb-headline gb-headline-e5f02f31\"><span class=\"gb-icon\"><svg aria-hidden=\"true\" role=\"img\" height=\"1em\" width=\"1em\" viewBox=\"0 0 512 512\" xmlns=\"http:\/\/www.w3.org\/2000\/svg\"><path fill=\"currentColor\" d=\"M173.898 439.404l-166.4-166.4c-9.997-9.997-9.997-26.206 0-36.204l36.203-36.204c9.997-9.998 26.207-9.998 36.204 0L192 312.69 432.095 72.596c9.997-9.997 26.207-9.997 36.204 0l36.203 36.204c9.997 9.997 9.997 26.206 0 36.204l-294.4 294.401c-9.998 9.997-26.207 9.997-36.204-.001z\"><\/path><\/svg><\/span><span class=\"gb-headline-text\">Produits sans plomb, cadmium, aluminium et s\u00e9l\u00e9nium.<\/span><\/p>\n\n\n\n<p class=\"gb-headline gb-headline-ab84a114\"><span class=\"gb-icon\"><svg aria-hidden=\"true\" role=\"img\" height=\"1em\" width=\"1em\" viewBox=\"0 0 512 512\" xmlns=\"http:\/\/www.w3.org\/2000\/svg\"><path fill=\"currentColor\" d=\"M173.898 439.404l-166.4-166.4c-9.997-9.997-9.997-26.206 0-36.204l36.203-36.204c9.997-9.998 26.207-9.998 36.204 0L192 312.69 432.095 72.596c9.997-9.997 26.207-9.997 36.204 0l36.203 36.204c9.997 9.997 9.997 26.206 0 36.204l-294.4 294.401c-9.998 9.997-26.207 9.997-36.204-.001z\"><\/path><\/svg><\/span><span class=\"gb-headline-text\">Une cuisine saine et savoureuse aussi bien pour des recettes traditionnelles que pour une cuisine d&#8217;avant-garde.<\/span><\/p>\n\n\n\n<h2 class=\"gb-headline gb-headline-4038296a gb-headline-text\">MODE D&#8217;UTILISATION POLYVALENT ET SIMPLE<\/h2>\n\n\n\n<p class=\"gb-headline gb-headline-02f6a12a\"><span class=\"gb-icon\"><svg aria-hidden=\"true\" role=\"img\" height=\"1em\" width=\"1em\" viewBox=\"0 0 512 512\" xmlns=\"http:\/\/www.w3.org\/2000\/svg\"><path fill=\"currentColor\" d=\"M173.898 439.404l-166.4-166.4c-9.997-9.997-9.997-26.206 0-36.204l36.203-36.204c9.997-9.998 26.207-9.998 36.204 0L192 312.69 432.095 72.596c9.997-9.997 26.207-9.997 36.204 0l36.203 36.204c9.997 9.997 9.997 26.206 0 36.204l-294.4 294.401c-9.998 9.997-26.207 9.997-36.204-.001z\"><\/path><\/svg><\/span><span class=\"gb-headline-text\">Produits adapt\u00e9s pour four, micro-ondes, cuisini\u00e8re \u00e0 gaz, cuisini\u00e8re \u00e9lectrique et plaque vitroc\u00e9ramique.<\/span><\/p>\n\n\n\n<p class=\"gb-headline gb-headline-09777246\"><span class=\"gb-icon\"><svg aria-hidden=\"true\" role=\"img\" height=\"1em\" width=\"1em\" viewBox=\"0 0 512 512\" xmlns=\"http:\/\/www.w3.org\/2000\/svg\"><path fill=\"currentColor\" d=\"M173.898 439.404l-166.4-166.4c-9.997-9.997-9.997-26.206 0-36.204l36.203-36.204c9.997-9.998 26.207-9.998 36.204 0L192 312.69 432.095 72.596c9.997-9.997 26.207-9.997 36.204 0l36.203 36.204c9.997 9.997 9.997 26.206 0 36.204l-294.4 294.401c-9.998 9.997-26.207 9.997-36.204-.001z\"><\/path><\/svg><\/span><span class=\"gb-headline-text\">Ils peuvent \u00eatre mis au cong\u00e9lateur et lav\u00e9s au micro-ondes.<\/span><\/p>\n\n<\/div><\/div><\/div>\n\n<div class=\"gb-grid-column gb-grid-column-49ae3652\"><div class=\"gb-container gb-container-49ae3652\"><div class=\"gb-inside-container\"><\/div><\/div><\/div>\n<\/div>\n\n\n<div style=\"height:80px\" aria-hidden=\"true\" class=\"wp-block-spacer\"><\/div>\n\n\n<div class=\"gb-grid-wrapper gb-grid-wrapper-b4a47c39\">\n<div class=\"gb-grid-column gb-grid-column-35a5eb25\"><div class=\"gb-container gb-container-35a5eb25\"><div class=\"gb-inside-container\">\n\n<h2 class=\"gb-headline gb-headline-3dd49917 gb-headline-text\">FABRICANTS SP\u00c9CIAUX&nbsp;:<\/h2>\n\n\n\n<h3 class=\"gb-headline gb-headline-e9f7c8e5 gb-headline-text\">Chez AZOFRA, nous pouvons d\u00e9velopper des mod\u00e8les sp\u00e9ciaux \u00e0 la demande de nos clients.<\/h3>\n\n<\/div><\/div><\/div>\n\n<div class=\"gb-grid-column gb-grid-column-919c0112\"><div class=\"gb-container gb-container-919c0112\"><div class=\"gb-inside-container\">\n\n<div class=\"wp-block-image\"><figure class=\"aligncenter size-full is-resized\"><img decoding=\"async\" loading=\"lazy\" src=\"https:\/\/ceramicazofra.com\/wp-content\/uploads\/2022\/01\/eco-friendly-2.svg\" alt=\"\" class=\"wp-image-1872\" width=\"300\" height=\"300\"\/><\/figure><\/div>\n\n<\/div><\/div><\/div>\n<\/div>","protected":false},"excerpt":{"rendered":"<p>Produit naturel et bon pour la sant\u00e9<\/p>\n","protected":false},"author":1,"featured_media":0,"parent":0,"menu_order":0,"comment_status":"closed","ping_status":"closed","template":"","meta":[],"acf":[],"_links":{"self":[{"href":"https:\/\/ceramicazofra.com\/fr\/wp-json\/wp\/v2\/pages\/1653"}],"collection":[{"href":"https:\/\/ceramicazofra.com\/fr\/wp-json\/wp\/v2\/pages"}],"about":[{"href":"https:\/\/ceramicazofra.com\/fr\/wp-json\/wp\/v2\/types\/page"}],"author":[{"embeddable":true,"href":"https:\/\/ceramicazofra.com\/fr\/wp-json\/wp\/v2\/users\/1"}],"replies":[{"embeddable":true,"href":"https:\/\/ceramicazofra.com\/fr\/wp-json\/wp\/v2\/comments?post=1653"}],"version-history":[{"count":14,"href":"https:\/\/ceramicazofra.com\/fr\/wp-json\/wp\/v2\/pages\/1653\/revisions"}],"predecessor-version":[{"id":1895,"href":"https:\/\/ceramicazofra.com\/fr\/wp-json\/wp\/v2\/pages\/1653\/revisions\/1895"}],"wp:attachment":[{"href":"https:\/\/ceramicazofra.com\/fr\/wp-json\/wp\/v2\/media?parent=1653"}],"curies":[{"name":"wp","href":"https:\/\/api.w.org\/{rel}","templated":true}]}}