{"id":1855,"date":"2021-12-17T15:09:02","date_gmt":"2021-12-17T14:09:02","guid":{"rendered":"https:\/\/ceramicazofra.com\/fr\/?page_id=1855"},"modified":"2022-01-13T12:53:30","modified_gmt":"2022-01-13T11:53:30","slug":"qualite","status":"publish","type":"page","link":"https:\/\/ceramicazofra.com\/fr\/qualite\/","title":{"rendered":"Qualit\u00e9"},"content":{"rendered":"\n<h2 class=\"gb-headline gb-headline-dd80892c gb-headline-text\">SEGURIDAD<br>ALIMENTARIA<\/h2>\n\n\n<div class=\"gb-grid-wrapper gb-grid-wrapper-8ae09327\">\n<div class=\"gb-grid-column gb-grid-column-7003813e\"><div class=\"gb-container gb-container-7003813e\"><div class=\"gb-inside-container\">\n\n<figure class=\"wp-block-image size-full is-resized\"><img decoding=\"async\" loading=\"lazy\" src=\"https:\/\/ceramicazofra.com\/fr\/wp-content\/uploads\/sites\/3\/2022\/01\/eco-friendly-3.svg\" alt=\"\" class=\"wp-image-1898\" width=\"300\" height=\"300\"\/><\/figure>\n\n<\/div><\/div><\/div>\n\n<div class=\"gb-grid-column gb-grid-column-f3851e0a\"><div class=\"gb-container gb-container-f3851e0a\"><div class=\"gb-inside-container\">\n\n<h3 class=\"gb-headline gb-headline-cbbf4bf9 gb-headline-text\">Nos produits c\u00e9ramiques sont conformes \u00e0 la r\u00e9glementation :<\/h3>\n\n\n\n<p>R\u00c8GLEMENT (CE) 2023\/2006 de la COMMISSION (22.12.2006) relatif aux bonnes pratiques de fabrication et aux objets destin\u00e9s \u00e0 entrer en contact avec des denr\u00e9es alimentaires.<\/p>\n\n\n\n<p>R\u00c8GLEMENT (CE) 1935\/2004 du PARLEMENT EUROP\u00c9EN et du CONSEIL (27.10.2004) relatif aux mat\u00e9riaux et objets destin\u00e9s \u00e0 entrer en contact avec les denr\u00e9es alimentaires.<\/p>\n\n\n\n<p>D\u00c9CRET ROYAL 891\/2006 (21.7.2006) par lequel sont approuv\u00e9es les normes techniques sanitaires applicables aux objets en c\u00e9ramique \u00e0 usage alimentaire.<\/p>\n\n<\/div><\/div><\/div>\n\n<div class=\"gb-grid-column gb-grid-column-a0be4a90\"><div class=\"gb-container gb-container-a0be4a90\"><div class=\"gb-inside-container\"><\/div><\/div><\/div>\n<\/div>\n\n\n<div style=\"height:500px\" aria-hidden=\"true\" class=\"wp-block-spacer\"><\/div>\n","protected":false},"excerpt":{"rendered":"<p>SEGURIDADALIMENTARIA<\/p>\n","protected":false},"author":1,"featured_media":0,"parent":0,"menu_order":0,"comment_status":"closed","ping_status":"closed","template":"","meta":[],"acf":[],"_links":{"self":[{"href":"https:\/\/ceramicazofra.com\/fr\/wp-json\/wp\/v2\/pages\/1855"}],"collection":[{"href":"https:\/\/ceramicazofra.com\/fr\/wp-json\/wp\/v2\/pages"}],"about":[{"href":"https:\/\/ceramicazofra.com\/fr\/wp-json\/wp\/v2\/types\/page"}],"author":[{"embeddable":true,"href":"https:\/\/ceramicazofra.com\/fr\/wp-json\/wp\/v2\/users\/1"}],"replies":[{"embeddable":true,"href":"https:\/\/ceramicazofra.com\/fr\/wp-json\/wp\/v2\/comments?post=1855"}],"version-history":[{"count":4,"href":"https:\/\/ceramicazofra.com\/fr\/wp-json\/wp\/v2\/pages\/1855\/revisions"}],"predecessor-version":[{"id":1900,"href":"https:\/\/ceramicazofra.com\/fr\/wp-json\/wp\/v2\/pages\/1855\/revisions\/1900"}],"wp:attachment":[{"href":"https:\/\/ceramicazofra.com\/fr\/wp-json\/wp\/v2\/media?parent=1855"}],"curies":[{"name":"wp","href":"https:\/\/api.w.org\/{rel}","templated":true}]}}